{"id":66,"date":"2026-01-14T14:46:05","date_gmt":"2026-01-14T14:46:05","guid":{"rendered":"https:\/\/vednice.zolta.cz\/?page_id=66"},"modified":"2026-01-14T14:53:48","modified_gmt":"2026-01-14T14:53:48","slug":"cenik","status":"publish","type":"page","link":"https:\/\/vednice.zolta.cz\/?page_id=66","title":{"rendered":"Cen\u00edk"},"content":{"rendered":"\n<div class=\"wp-block-group alignfull is-style-section-1 has-global-padding is-layout-constrained wp-container-core-group-is-layout-cdf985e3 wp-block-group-is-layout-constrained is-style-section-1--1\" style=\"min-height:100vh;margin-top:0;margin-bottom:0;padding-top:var(--wp--preset--spacing--80);padding-right:var(--wp--preset--spacing--80);padding-bottom:var(--wp--preset--spacing--80);padding-left:var(--wp--preset--spacing--80)\">\n<div class=\"wp-block-columns alignwide are-vertically-aligned-center is-layout-flex wp-container-core-columns-is-layout-643ced6b wp-block-columns-is-layout-flex\">\n<div class=\"wp-block-column is-vertically-aligned-center is-layout-flow wp-block-column-is-layout-flow\">\n<figure class=\"wp-block-image aligncenter size-full has-custom-border\"><img loading=\"lazy\" decoding=\"async\" width=\"880\" height=\"628\" src=\"http:\/\/vednice.zolta.cz\/wp-content\/uploads\/2026\/01\/vednice-projektovy-den-pro-skoly-beskydy-e1768402423507.png\" alt=\"projektov\u00fd den pro \u0161koly rovnice a v\u00e1hy\" class=\"wp-image-70\" style=\"border-top-left-radius:150px;border-bottom-right-radius:150px;object-fit:cover\" srcset=\"https:\/\/vednice.zolta.cz\/wp-content\/uploads\/2026\/01\/vednice-projektovy-den-pro-skoly-beskydy-e1768402423507.png 880w, https:\/\/vednice.zolta.cz\/wp-content\/uploads\/2026\/01\/vednice-projektovy-den-pro-skoly-beskydy-e1768402423507-300x214.png 300w, https:\/\/vednice.zolta.cz\/wp-content\/uploads\/2026\/01\/vednice-projektovy-den-pro-skoly-beskydy-e1768402423507-768x548.png 768w\" sizes=\"auto, (max-width: 880px) 100vw, 880px\" \/><\/figure>\n<\/div>\n\n\n\n<div class=\"wp-block-column is-vertically-aligned-center is-layout-flow wp-block-column-is-layout-flow\">\n<div class=\"wp-block-group is-vertical is-content-justification-stretch is-layout-flex wp-container-core-group-is-layout-353c4f5a wp-block-group-is-layout-flex\">\n<h2 class=\"wp-block-heading has-text-align-left\">Cen\u00edk<\/h2>\n\n\n\n<p>Cena zahrnuje dopravu, p\u0159\u00edpravu expozice, pr\u016fvodce a \u00faklid v\u00fdstavy. Cena nezahrnuje pron\u00e1jem m\u00edsta kon\u00e1n\u00ed.<\/p>\n\n\n\n<p>Dopoledn\u00ed&nbsp;program 4 000&nbsp;K\u010d.<\/p>\n\n\n\n<p>Celodenn\u00ed\u00a0program\u00a06 000\u00a0K\u010d.<\/p>\n\n\n\n<p>Vytvo\u0159en\u00ed speci\u00e1ln\u00edho programu na m\u00edru m\u00e1 individu\u00e1ln\u00ed nacen\u011bn\u00ed.<\/p>\n<\/div>\n<\/div>\n<\/div>\n<\/div>\n","protected":false},"excerpt":{"rendered":"<p>Cen\u00edk Cena zahrnuje dopravu, p\u0159\u00edpravu expozice, pr\u016fvodce a \u00faklid v\u00fdstavy. Cena nezahrnuje pron\u00e1jem m\u00edsta kon\u00e1n\u00ed. Dopoledn\u00ed&nbsp;program 4 000&nbsp;K\u010d. Celodenn\u00ed\u00a0program\u00a06 000\u00a0K\u010d. Vytvo\u0159en\u00ed speci\u00e1ln\u00edho programu na m\u00edru m\u00e1 individu\u00e1ln\u00ed nacen\u011bn\u00ed.<\/p>\n","protected":false},"author":1,"featured_media":0,"parent":0,"menu_order":0,"comment_status":"closed","ping_status":"closed","template":"","meta":{"footnotes":""},"class_list":["post-66","page","type-page","status-publish","hentry"],"_links":{"self":[{"href":"https:\/\/vednice.zolta.cz\/index.php?rest_route=\/wp\/v2\/pages\/66","targetHints":{"allow":["GET"]}}],"collection":[{"href":"https:\/\/vednice.zolta.cz\/index.php?rest_route=\/wp\/v2\/pages"}],"about":[{"href":"https:\/\/vednice.zolta.cz\/index.php?rest_route=\/wp\/v2\/types\/page"}],"author":[{"embeddable":true,"href":"https:\/\/vednice.zolta.cz\/index.php?rest_route=\/wp\/v2\/users\/1"}],"replies":[{"embeddable":true,"href":"https:\/\/vednice.zolta.cz\/index.php?rest_route=%2Fwp%2Fv2%2Fcomments&post=66"}],"version-history":[{"count":3,"href":"https:\/\/vednice.zolta.cz\/index.php?rest_route=\/wp\/v2\/pages\/66\/revisions"}],"predecessor-version":[{"id":71,"href":"https:\/\/vednice.zolta.cz\/index.php?rest_route=\/wp\/v2\/pages\/66\/revisions\/71"}],"wp:attachment":[{"href":"https:\/\/vednice.zolta.cz\/index.php?rest_route=%2Fwp%2Fv2%2Fmedia&parent=66"}],"curies":[{"name":"wp","href":"https:\/\/api.w.org\/{rel}","templated":true}]}}