{"id":73,"date":"2026-01-14T16:07:34","date_gmt":"2026-01-14T16:07:34","guid":{"rendered":"https:\/\/vednice.zolta.cz\/?page_id=73"},"modified":"2026-01-15T07:38:39","modified_gmt":"2026-01-15T07:38:39","slug":"kontakt","status":"publish","type":"page","link":"https:\/\/vednice.zolta.cz\/?page_id=73","title":{"rendered":"Kontakt"},"content":{"rendered":"\n<div class=\"wp-block-group alignfull is-style-section-1 has-global-padding is-layout-constrained wp-container-core-group-is-layout-cdf985e3 wp-block-group-is-layout-constrained is-style-section-1--1\" style=\"min-height:100vh;margin-top:0;margin-bottom:0;padding-top:var(--wp--preset--spacing--80);padding-right:var(--wp--preset--spacing--80);padding-bottom:var(--wp--preset--spacing--80);padding-left:var(--wp--preset--spacing--80)\">\n<div class=\"wp-block-columns alignwide are-vertically-aligned-center is-layout-flex wp-container-core-columns-is-layout-643ced6b wp-block-columns-is-layout-flex\">\n<div class=\"wp-block-column is-vertically-aligned-center is-layout-flow wp-block-column-is-layout-flow\">\n<figure class=\"wp-block-image aligncenter size-full has-custom-border\"><img loading=\"lazy\" decoding=\"async\" width=\"880\" height=\"725\" src=\"http:\/\/vednice.zolta.cz\/wp-content\/uploads\/2026\/01\/vednice-zolta-lucie-e1768406819985.png\" alt=\"\" class=\"wp-image-75\" style=\"border-top-left-radius:150px;border-bottom-right-radius:150px;object-fit:cover\" srcset=\"https:\/\/vednice.zolta.cz\/wp-content\/uploads\/2026\/01\/vednice-zolta-lucie-e1768406819985.png 880w, https:\/\/vednice.zolta.cz\/wp-content\/uploads\/2026\/01\/vednice-zolta-lucie-e1768406819985-300x247.png 300w, https:\/\/vednice.zolta.cz\/wp-content\/uploads\/2026\/01\/vednice-zolta-lucie-e1768406819985-768x633.png 768w\" sizes=\"auto, (max-width: 880px) 100vw, 880px\" \/><\/figure>\n<\/div>\n\n\n\n<div class=\"wp-block-column is-vertically-aligned-center is-layout-flow wp-block-column-is-layout-flow\">\n<div class=\"wp-block-group is-vertical is-content-justification-stretch is-layout-flex wp-container-core-group-is-layout-353c4f5a wp-block-group-is-layout-flex\">\n<h2 class=\"wp-block-heading has-text-align-left\">Lucie \u017dolt\u00e1<\/h2>\n\n\n\n<figure class=\"wp-block-image size-full\"><img loading=\"lazy\" decoding=\"async\" width=\"200\" height=\"49\" src=\"http:\/\/vednice.zolta.cz\/wp-content\/uploads\/2026\/01\/kontak-vednice-vzdelavaci-akce-pro-deti.png\" alt=\"\" class=\"wp-image-74\"\/><\/figure>\n<\/div>\n\n\n\n<p><\/p>\n\n\n\n<p>Poj\u00edzdna expozice V\u011bdnice p\u016fsob\u00ed v Beskydech (Fren\u0161t\u00e1t, Ro\u017enov, Trojanovice, Be\u010dvy)<\/p>\n\n\n\n<figure class=\"wp-block-image size-full\"><img loading=\"lazy\" decoding=\"async\" width=\"500\" height=\"400\" src=\"http:\/\/vednice.zolta.cz\/wp-content\/uploads\/2026\/01\/beskydy-vzdelavaci-akce-pro-deti.png\" alt=\"\" class=\"wp-image-79\" srcset=\"https:\/\/vednice.zolta.cz\/wp-content\/uploads\/2026\/01\/beskydy-vzdelavaci-akce-pro-deti.png 500w, https:\/\/vednice.zolta.cz\/wp-content\/uploads\/2026\/01\/beskydy-vzdelavaci-akce-pro-deti-300x240.png 300w\" sizes=\"auto, (max-width: 500px) 100vw, 500px\" \/><\/figure>\n<\/div>\n<\/div>\n<\/div>\n","protected":false},"excerpt":{"rendered":"<p>Lucie \u017dolt\u00e1 Poj\u00edzdna expozice V\u011bdnice p\u016fsob\u00ed v Beskydech (Fren\u0161t\u00e1t, Ro\u017enov, Trojanovice, Be\u010dvy)<\/p>\n","protected":false},"author":1,"featured_media":0,"parent":0,"menu_order":0,"comment_status":"closed","ping_status":"closed","template":"","meta":{"footnotes":""},"class_list":["post-73","page","type-page","status-publish","hentry"],"_links":{"self":[{"href":"https:\/\/vednice.zolta.cz\/index.php?rest_route=\/wp\/v2\/pages\/73","targetHints":{"allow":["GET"]}}],"collection":[{"href":"https:\/\/vednice.zolta.cz\/index.php?rest_route=\/wp\/v2\/pages"}],"about":[{"href":"https:\/\/vednice.zolta.cz\/index.php?rest_route=\/wp\/v2\/types\/page"}],"author":[{"embeddable":true,"href":"https:\/\/vednice.zolta.cz\/index.php?rest_route=\/wp\/v2\/users\/1"}],"replies":[{"embeddable":true,"href":"https:\/\/vednice.zolta.cz\/index.php?rest_route=%2Fwp%2Fv2%2Fcomments&post=73"}],"version-history":[{"count":5,"href":"https:\/\/vednice.zolta.cz\/index.php?rest_route=\/wp\/v2\/pages\/73\/revisions"}],"predecessor-version":[{"id":85,"href":"https:\/\/vednice.zolta.cz\/index.php?rest_route=\/wp\/v2\/pages\/73\/revisions\/85"}],"wp:attachment":[{"href":"https:\/\/vednice.zolta.cz\/index.php?rest_route=%2Fwp%2Fv2%2Fmedia&parent=73"}],"curies":[{"name":"wp","href":"https:\/\/api.w.org\/{rel}","templated":true}]}}