{"id":86,"date":"2026-01-15T07:55:57","date_gmt":"2026-01-15T07:55:57","guid":{"rendered":"https:\/\/vednice.zolta.cz\/?page_id=86"},"modified":"2026-01-15T12:04:27","modified_gmt":"2026-01-15T12:04:27","slug":"expozice","status":"publish","type":"page","link":"https:\/\/vednice.zolta.cz\/?page_id=86","title":{"rendered":"Expozice"},"content":{"rendered":"\n<div class=\"wp-block-group alignfull is-style-section-1 has-global-padding is-layout-constrained wp-container-core-group-is-layout-cdf985e3 wp-block-group-is-layout-constrained is-style-section-1--1\" style=\"min-height:100vh;margin-top:0;margin-bottom:0;padding-top:var(--wp--preset--spacing--80);padding-right:var(--wp--preset--spacing--80);padding-bottom:var(--wp--preset--spacing--80);padding-left:var(--wp--preset--spacing--80)\">\n<div class=\"wp-block-columns alignwide are-vertically-aligned-center is-layout-flex wp-container-core-columns-is-layout-643ced6b wp-block-columns-is-layout-flex\">\n<div class=\"wp-block-column is-vertically-aligned-center is-layout-flow wp-block-column-is-layout-flow\">\n<figure class=\"wp-block-image aligncenter size-full has-custom-border\"><img loading=\"lazy\" decoding=\"async\" width=\"2560\" height=\"1920\" src=\"http:\/\/vednice.zolta.cz\/wp-content\/uploads\/2026\/01\/DSC06702-scaled.jpg\" alt=\"\" class=\"wp-image-90\" style=\"border-top-left-radius:150px;border-bottom-right-radius:150px;object-fit:cover\" srcset=\"https:\/\/vednice.zolta.cz\/wp-content\/uploads\/2026\/01\/DSC06702-scaled.jpg 2560w, https:\/\/vednice.zolta.cz\/wp-content\/uploads\/2026\/01\/DSC06702-300x225.jpg 300w, https:\/\/vednice.zolta.cz\/wp-content\/uploads\/2026\/01\/DSC06702-1024x768.jpg 1024w, https:\/\/vednice.zolta.cz\/wp-content\/uploads\/2026\/01\/DSC06702-768x576.jpg 768w, https:\/\/vednice.zolta.cz\/wp-content\/uploads\/2026\/01\/DSC06702-1536x1152.jpg 1536w, https:\/\/vednice.zolta.cz\/wp-content\/uploads\/2026\/01\/DSC06702-2048x1536.jpg 2048w\" sizes=\"auto, (max-width: 2560px) 100vw, 2560px\" \/><\/figure>\n\n\n\n<figure class=\"wp-block-image aligncenter size-full has-custom-border\"><img loading=\"lazy\" decoding=\"async\" width=\"800\" height=\"600\" src=\"http:\/\/vednice.zolta.cz\/wp-content\/uploads\/2026\/01\/vednice-vahy-rovnice-zavazi-zazitkova-predagogika2.png\" alt=\"\" class=\"wp-image-41\" style=\"border-top-left-radius:150px;border-bottom-right-radius:150px;object-fit:cover\" srcset=\"https:\/\/vednice.zolta.cz\/wp-content\/uploads\/2026\/01\/vednice-vahy-rovnice-zavazi-zazitkova-predagogika2.png 800w, https:\/\/vednice.zolta.cz\/wp-content\/uploads\/2026\/01\/vednice-vahy-rovnice-zavazi-zazitkova-predagogika2-300x225.png 300w, https:\/\/vednice.zolta.cz\/wp-content\/uploads\/2026\/01\/vednice-vahy-rovnice-zavazi-zazitkova-predagogika2-768x576.png 768w\" sizes=\"auto, (max-width: 800px) 100vw, 800px\" \/><\/figure>\n\n\n\n<figure class=\"wp-block-image aligncenter size-full has-custom-border\"><img loading=\"lazy\" decoding=\"async\" width=\"2030\" height=\"1327\" src=\"http:\/\/vednice.zolta.cz\/wp-content\/uploads\/2026\/01\/silakCinka-scaled-e1768465017760.jpg\" alt=\"\" class=\"wp-image-93\" style=\"border-top-left-radius:150px;border-bottom-right-radius:150px;object-fit:cover\" srcset=\"https:\/\/vednice.zolta.cz\/wp-content\/uploads\/2026\/01\/silakCinka-scaled-e1768465017760.jpg 2030w, https:\/\/vednice.zolta.cz\/wp-content\/uploads\/2026\/01\/silakCinka-scaled-e1768465017760-300x196.jpg 300w, https:\/\/vednice.zolta.cz\/wp-content\/uploads\/2026\/01\/silakCinka-scaled-e1768465017760-1024x669.jpg 1024w, https:\/\/vednice.zolta.cz\/wp-content\/uploads\/2026\/01\/silakCinka-scaled-e1768465017760-768x502.jpg 768w, https:\/\/vednice.zolta.cz\/wp-content\/uploads\/2026\/01\/silakCinka-scaled-e1768465017760-1536x1004.jpg 1536w\" sizes=\"auto, (max-width: 2030px) 100vw, 2030px\" \/><\/figure>\n\n\n\n<figure class=\"wp-block-image aligncenter size-full has-custom-border\"><img loading=\"lazy\" decoding=\"async\" width=\"2560\" height=\"1440\" src=\"http:\/\/vednice.zolta.cz\/wp-content\/uploads\/2026\/01\/20240831_150929-scaled.jpg\" alt=\"\" class=\"wp-image-101\" style=\"border-top-left-radius:150px;border-bottom-right-radius:150px;object-fit:cover\" srcset=\"https:\/\/vednice.zolta.cz\/wp-content\/uploads\/2026\/01\/20240831_150929-scaled.jpg 2560w, https:\/\/vednice.zolta.cz\/wp-content\/uploads\/2026\/01\/20240831_150929-300x169.jpg 300w, https:\/\/vednice.zolta.cz\/wp-content\/uploads\/2026\/01\/20240831_150929-1024x576.jpg 1024w, https:\/\/vednice.zolta.cz\/wp-content\/uploads\/2026\/01\/20240831_150929-768x432.jpg 768w, https:\/\/vednice.zolta.cz\/wp-content\/uploads\/2026\/01\/20240831_150929-1536x864.jpg 1536w, https:\/\/vednice.zolta.cz\/wp-content\/uploads\/2026\/01\/20240831_150929-2048x1152.jpg 2048w\" sizes=\"auto, (max-width: 2560px) 100vw, 2560px\" \/><\/figure>\n\n\n\n<figure class=\"wp-block-image aligncenter size-full has-custom-border\"><img loading=\"lazy\" decoding=\"async\" width=\"800\" height=\"600\" src=\"http:\/\/vednice.zolta.cz\/wp-content\/uploads\/2026\/01\/vednice-kubik02.png\" alt=\"\" class=\"wp-image-109\" style=\"border-top-left-radius:150px;border-bottom-right-radius:150px;object-fit:cover\" srcset=\"https:\/\/vednice.zolta.cz\/wp-content\/uploads\/2026\/01\/vednice-kubik02.png 800w, https:\/\/vednice.zolta.cz\/wp-content\/uploads\/2026\/01\/vednice-kubik02-300x225.png 300w, https:\/\/vednice.zolta.cz\/wp-content\/uploads\/2026\/01\/vednice-kubik02-768x576.png 768w\" sizes=\"auto, (max-width: 800px) 100vw, 800px\" \/><\/figure>\n\n\n\n<figure class=\"wp-block-image aligncenter size-full has-custom-border\"><img loading=\"lazy\" decoding=\"async\" width=\"2560\" height=\"1920\" src=\"http:\/\/vednice.zolta.cz\/wp-content\/uploads\/2026\/01\/DSC06706-scaled.jpg\" alt=\"\" class=\"wp-image-96\" style=\"border-top-left-radius:150px;border-bottom-right-radius:150px;object-fit:cover\" srcset=\"https:\/\/vednice.zolta.cz\/wp-content\/uploads\/2026\/01\/DSC06706-scaled.jpg 2560w, https:\/\/vednice.zolta.cz\/wp-content\/uploads\/2026\/01\/DSC06706-300x225.jpg 300w, https:\/\/vednice.zolta.cz\/wp-content\/uploads\/2026\/01\/DSC06706-1024x768.jpg 1024w, https:\/\/vednice.zolta.cz\/wp-content\/uploads\/2026\/01\/DSC06706-768x576.jpg 768w, https:\/\/vednice.zolta.cz\/wp-content\/uploads\/2026\/01\/DSC06706-1536x1152.jpg 1536w, https:\/\/vednice.zolta.cz\/wp-content\/uploads\/2026\/01\/DSC06706-2048x1536.jpg 2048w\" sizes=\"auto, (max-width: 2560px) 100vw, 2560px\" \/><\/figure>\n\n\n\n<figure class=\"wp-block-image aligncenter size-full has-custom-border\"><img loading=\"lazy\" decoding=\"async\" width=\"2560\" height=\"1920\" src=\"http:\/\/vednice.zolta.cz\/wp-content\/uploads\/2026\/01\/20230701_160746-scaled.jpg\" alt=\"\" class=\"wp-image-94\" style=\"border-top-left-radius:150px;border-bottom-right-radius:150px;object-fit:cover\" srcset=\"https:\/\/vednice.zolta.cz\/wp-content\/uploads\/2026\/01\/20230701_160746-scaled.jpg 2560w, https:\/\/vednice.zolta.cz\/wp-content\/uploads\/2026\/01\/20230701_160746-300x225.jpg 300w, https:\/\/vednice.zolta.cz\/wp-content\/uploads\/2026\/01\/20230701_160746-1024x768.jpg 1024w, https:\/\/vednice.zolta.cz\/wp-content\/uploads\/2026\/01\/20230701_160746-768x576.jpg 768w, https:\/\/vednice.zolta.cz\/wp-content\/uploads\/2026\/01\/20230701_160746-1536x1152.jpg 1536w, https:\/\/vednice.zolta.cz\/wp-content\/uploads\/2026\/01\/20230701_160746-2048x1536.jpg 2048w\" sizes=\"auto, (max-width: 2560px) 100vw, 2560px\" \/><\/figure>\n\n\n\n<figure class=\"wp-block-image aligncenter size-full has-custom-border\"><img loading=\"lazy\" decoding=\"async\" width=\"800\" height=\"535\" src=\"http:\/\/vednice.zolta.cz\/wp-content\/uploads\/2026\/01\/leonardoDaVinci.jpg\" alt=\"\" class=\"wp-image-68\" style=\"border-top-left-radius:150px;border-bottom-right-radius:150px;object-fit:cover\" srcset=\"https:\/\/vednice.zolta.cz\/wp-content\/uploads\/2026\/01\/leonardoDaVinci.jpg 800w, https:\/\/vednice.zolta.cz\/wp-content\/uploads\/2026\/01\/leonardoDaVinci-300x201.jpg 300w, https:\/\/vednice.zolta.cz\/wp-content\/uploads\/2026\/01\/leonardoDaVinci-768x514.jpg 768w\" sizes=\"auto, (max-width: 800px) 100vw, 800px\" \/><\/figure>\n\n\n\n<figure class=\"wp-block-image aligncenter size-full has-custom-border\"><img loading=\"lazy\" decoding=\"async\" width=\"1920\" height=\"1650\" src=\"http:\/\/vednice.zolta.cz\/wp-content\/uploads\/2026\/01\/20240622_184234-scaled-e1768472572122.jpg\" alt=\"\" class=\"wp-image-97\" style=\"border-top-left-radius:150px;border-bottom-right-radius:150px;object-fit:cover\" srcset=\"https:\/\/vednice.zolta.cz\/wp-content\/uploads\/2026\/01\/20240622_184234-scaled-e1768472572122.jpg 1920w, https:\/\/vednice.zolta.cz\/wp-content\/uploads\/2026\/01\/20240622_184234-scaled-e1768472572122-300x258.jpg 300w, https:\/\/vednice.zolta.cz\/wp-content\/uploads\/2026\/01\/20240622_184234-scaled-e1768472572122-1024x880.jpg 1024w, https:\/\/vednice.zolta.cz\/wp-content\/uploads\/2026\/01\/20240622_184234-scaled-e1768472572122-768x660.jpg 768w, https:\/\/vednice.zolta.cz\/wp-content\/uploads\/2026\/01\/20240622_184234-scaled-e1768472572122-1536x1320.jpg 1536w\" sizes=\"auto, (max-width: 1920px) 100vw, 1920px\" \/><\/figure>\n\n\n\n<figure class=\"wp-block-image aligncenter size-full has-custom-border\"><img loading=\"lazy\" decoding=\"async\" width=\"1916\" height=\"2172\" src=\"http:\/\/vednice.zolta.cz\/wp-content\/uploads\/2026\/01\/20230701_112253-scaled-e1768472700522.jpg\" alt=\"\" class=\"wp-image-100\" style=\"border-top-left-radius:150px;border-bottom-right-radius:150px;object-fit:cover\" srcset=\"https:\/\/vednice.zolta.cz\/wp-content\/uploads\/2026\/01\/20230701_112253-scaled-e1768472700522.jpg 1916w, https:\/\/vednice.zolta.cz\/wp-content\/uploads\/2026\/01\/20230701_112253-scaled-e1768472700522-265x300.jpg 265w, https:\/\/vednice.zolta.cz\/wp-content\/uploads\/2026\/01\/20230701_112253-scaled-e1768472700522-903x1024.jpg 903w, https:\/\/vednice.zolta.cz\/wp-content\/uploads\/2026\/01\/20230701_112253-scaled-e1768472700522-768x871.jpg 768w, https:\/\/vednice.zolta.cz\/wp-content\/uploads\/2026\/01\/20230701_112253-scaled-e1768472700522-1355x1536.jpg 1355w, https:\/\/vednice.zolta.cz\/wp-content\/uploads\/2026\/01\/20230701_112253-scaled-e1768472700522-1807x2048.jpg 1807w\" sizes=\"auto, (max-width: 1916px) 100vw, 1916px\" \/><\/figure>\n<\/div>\n\n\n\n<div class=\"wp-block-column is-vertically-aligned-center is-layout-flow wp-block-column-is-layout-flow\">\n<div class=\"wp-block-group is-vertical is-content-justification-stretch is-layout-flex wp-container-core-group-is-layout-353c4f5a wp-block-group-is-layout-flex\">\n<h2 class=\"wp-block-heading has-text-align-left\">Seznam t\u00e9mat a expozic<\/h2>\n\n\n\n<p>Seznam expozic a t\u00e9mat, kter\u00e9 m\u00e1me &#8222;na sklad\u011b&#8220; a vyzkou\u0161en\u00e9 najdete n\u00ed\u017ee. Po domluv\u011b nen\u00ed prob\u00e9m vymyslet zcela nov\u00e9 t\u00e9ma.<\/p>\n\n\n\n<h3 class=\"wp-block-heading\">Seznam t\u00e9mat a expozic + orienta\u010dn\u00ed \u010das na skupinu:<\/h3>\n\n\n\n<ul class=\"wp-block-list\">\n<li>Meteostanice (15 min)\n<ul class=\"wp-block-list\">\n<li>teplom\u011br \u2013 jak si vyrobit a jak funguje teplom\u011br<\/li>\n\n\n\n<li>anemometr \u2013 jak a \u010d\u00edm m\u016f\u017eeme m\u011b\u0159it rychlost v\u011btru<\/li>\n\n\n\n<li>korouhvi\u010dka \u2013 sledujeme sm\u011br v\u011btru<\/li>\n\n\n\n<li>vlhkom\u011br \u2013 jak vyrobit vlhkom\u011br z v\u00e1hy, z vlny, z vlasu, nebo ze \u0161i\u0161ky<\/li>\n\n\n\n<li>tlakom\u011br \u2013 jak si nevyrobit tlakom\u011br, co v\u0161echno m\u016f\u017eeme barometrem m\u011b\u0159it<\/li>\n\n\n\n<li>sr\u00e1\u017ekom\u011br \u2013 jak si vyrobit sr\u00e1\u017ekom\u011br a jak sledovat a \u00fahrn sr\u00e1\u017eek a jak m\u016f\u017eeme zjistit kyselost de\u0161t\u011b<\/li>\n<\/ul>\n<\/li>\n\n\n\n<li>Rovnice a v\u00e1hy\n<ul class=\"wp-block-list\">\n<li> ob\u0159\u00ed v\u00e1ha \u2013 zva\u017e se s kamar\u00e1dem a sestav rovnici (15 min)<\/li>\n\n\n\n<li>jak vyrobit v\u00e1hu (30 min)<\/li>\n\n\n\n<li>obr\u00e1zkov\u00e9 soustavy rovnic &#8211; kolektivn\u00ed hra na detektivy (15 min)<\/li>\n\n\n\n<li>hmotnost &#8211; historick\u00e9, SI i vlastn\u00ed jednotky (10 min)<\/li>\n<\/ul>\n<\/li>\n\n\n\n<li>S\u00edla a hmotnost\n<ul class=\"wp-block-list\">\n<li>zm\u011b\u0159 si svou s\u00edlu &#8211; \u010dinka, silom\u011bry (10 min)<\/li>\n\n\n\n<li>jak vyrobit silom\u011br (20 min)<\/li>\n\n\n\n<li>ka\u017ed\u00fd je siln\u00fd &#8211; p\u00e1ka, lousk\u00e1\u010dek, kole\u010dko (15min)<\/li>\n\n\n\n<li>kladkostroj (15min)<\/li>\n\n\n\n<li>nerovnoramenn\u00e1 v\u00e1ha &#8211; <a href=\"https:\/\/www.youtube.com\/watch?v=MMFQDlhvfJo\" target=\"_blank\" rel=\"noreferrer noopener\">jak zv\u00e1\u017eit t\u011b\u017ek\u00e9 pomoc\u00ed lehk\u00e9ho<\/a> (15min)<\/li>\n\n\n\n<li>lukost\u0159elba &#8211; jdenotky s\u00edly (N, lb), n\u00e1tah luku (30min)<\/li>\n<\/ul>\n<\/li>\n\n\n\n<li>Vrstevnice (10 min)\n<ul class=\"wp-block-list\">\n<li>mapy \u2013 jak vypadaj\u00ed vrstevnice na map\u011b<\/li>\n\n\n\n<li>postav si Lysou horu \u2013 aneb vyst\u0159ihni si vrstevnice a vyrob si model kopce<\/li>\n\n\n\n<li>nadmo\u0159sk\u00e1 v\u00fd\u0161ka \u2013 co to je a jak j\u00ed m\u016f\u017eeme m\u011b\u0159it tak daleko od mo\u0159e?<\/li>\n\n\n\n<li>spojova\u010dka (k\u00f3tovan\u00e9 prom\u00edt\u00e1n\u00ed)- zakresli vrstevnice radho\u0161\u0165sk\u00e9ho masivu z nam\u011b\u0159en\u00fdch dat<\/li>\n\n\n\n<li>hanoysk\u00e9 v\u011b\u017ee (hlavolam)<\/li>\n<\/ul>\n<\/li>\n\n\n\n<li>Sv\u011btov\u00e9 strany (10 min)\n<ul class=\"wp-block-list\">\n<li>kompas \u2013 jak si vyrobit kompas a ur\u010dit magnetick\u00e9 p\u00f3ly zem\u011b<\/li>\n\n\n\n<li>hv\u011bzdohledy \u2013 jak ur\u010dit zem\u011bpisn\u00e9 p\u00f3ly zem\u011b<\/li>\n<\/ul>\n<\/li>\n\n\n\n<li>Najdi m\u011bsto na map\u011b (45 min) &#8211; <a href=\"https:\/\/www.youtube.com\/shorts\/0PMFuCRz7iE\">\u00favodn\u00ed video<\/a>\n<ul class=\"wp-block-list\">\n<li>kolektivn\u00ed hra &#8211; pr\u00e1ce s mapou, pr\u00e1ce s informac\u00ed, praktick\u00e1 orientace, sv\u011btov\u00e9 strany, m\u011b\u0159\u00edtko, jednotky vzd\u00e1lenost\u00ed, GPS sou\u0159adnice,&#8230;<\/li>\n<\/ul>\n<\/li>\n\n\n\n<li>Kub\u00edk s rodinou \u2013 poh\u00e1dkou k metrick\u00e9 soustav\u011b (30 min)\n<ul class=\"wp-block-list\">\n<li>Dlouh\u00e1n &#8211; historick\u00e9 jednotky, SI, vlastn\u00ed m\u00edry<\/li>\n\n\n\n<li>Plo\u0161ka<\/li>\n\n\n\n<li>Kub\u00edk<\/li>\n<\/ul>\n<\/li>\n\n\n\n<li>\u010cas (15 min)\n<ul class=\"wp-block-list\">\n<li>slune\u010dn\u00ed hodiny<\/li>\n\n\n\n<li>p\u0159esypac\u00ed hodiny<\/li>\n\n\n\n<li>kyvadlov\u00e9 hodiny<\/li>\n<\/ul>\n<\/li>\n\n\n\n<li>Vodn\u00ed \u010derpadla (10 min)\n<ul class=\"wp-block-list\">\n<li>Pumpa \u2013 jak funguje a jak si vyrobit pumpu<\/li>\n\n\n\n<li>Archimed\u016fv \u0161roub \u2013 jak si vyrobit \u010derpadlo z dob Antiky<\/li>\n\n\n\n<li>Odst\u0159ediv\u00e9 \u010derpadlo \u2013 jak si vyrobit jednoduch\u00e9 odst\u0159ediv\u00e9 \u010derpadlo<\/li>\n\n\n\n<li>Trka\u010d \u2013 samo\u010dinn\u00e9 \u010derpadlo, jak funguje a jak si jej vyrobit&nbsp; *\/bez uk\u00e1zky  trka\u010de vzala velk\u00e1 voda<\/li>\n<\/ul>\n<\/li>\n\n\n\n<li>Vyn\u00e1lezy Leonarda da Vinchi\n<ul class=\"wp-block-list\">\n<li>Most \u2013 jak postavit samonostn\u00fd most bez pou\u017eit\u00ed spojovac\u00edch materi\u00e1l\u016f<\/li>\n\n\n\n<li>Vlhkom\u011br \u2013 jak si vyrobit vlhkom\u011br z v\u00e1hy<\/li>\n\n\n\n<li>Anemometr \u2013 jak m\u011b\u0159it s\u00edlu v\u011btru<\/li>\n\n\n\n<li>Lo\u017eisko z d\u011blov\u00fdch koul\u00ed a dal\u0161\u00ed ochutn\u00e1vka jeho vyn\u00e1lez\u016f<\/li>\n<\/ul>\n<\/li>\n\n\n\n<li>Vesm\u00edr\n<ul class=\"wp-block-list\">\n<li>Zem\u011b \u2013 rotace, zem\u011bpisn\u00e9 p\u00f3ly, rok a den<\/li>\n\n\n\n<li>M\u011bs\u00edc \u2013 f\u00e1ze m\u011bs\u00edce<\/li>\n\n\n\n<li>Slunce a hv\u011bzdy<\/li>\n\n\n\n<li>Slune\u010dn\u00ed soustava<\/li>\n<\/ul>\n<\/li>\n\n\n\n<li>Prav\u011bk\u00e9 tkan\u00ed a po\u010d\u00edta\u010de\n<ul class=\"wp-block-list\">\n<li>M\u0159\u00ed\u017ekov\u00fd st\u00e1vek \u2013 v\u00fdroba n\u00e1ramku<\/li>\n\n\n\n<li>Karetkov\u00e9 tkan\u00ed \u2013 v\u00fdroba n\u00e1ramku<\/li>\n\n\n\n<li>Historie programov\u00e1n\u00ed po\u010d\u00edta\u010d\u016f<\/li>\n\n\n\n<li>Programovac\u00ed hra<\/li>\n\n\n\n<li>Robotika<\/li>\n<\/ul>\n<\/li>\n\n\n\n<li>Hlavolamy\n<ul class=\"wp-block-list\">\n<li>Provazov\u00e9 hlavolamy<\/li>\n\n\n\n<li>Maysk\u00fd hlavolam<\/li>\n\n\n\n<li>Ser\u017eant\u016fv probl\u00e9m (1.sv.v\u00e1lka)<\/li>\n\n\n\n<li>Mision\u00e1\u0159i a kanibalov\u00e9<\/li>\n\n\n\n<li>Rodeo Soliter<\/li>\n\n\n\n<li>5 k\u0159\u00ed\u017ek\u016f<\/li>\n\n\n\n<li>Tanagramy<\/li>\n<\/ul>\n<\/li>\n\n\n\n<li>Pitva elektrospot\u0159ebi\u010d\u016f (45 min)<\/li>\n\n\n\n<li>Zvuk (45 min)\n<ul class=\"wp-block-list\">\n<li>Hudebn\u00ed n\u00e1stroje \u2013 jak na m\u011b p\u016fsob\u00ed r\u016fzn\u00e9 zvuky<\/li>\n\n\n\n<li>Frekvence \u2013 jak rychle m\u00e1v\u00e1m k\u0159\u00eddlem<\/li>\n\n\n\n<li>Vln\u011bn\u00ed \u2013 t\u00f3n vs. \u0161um \u2013 k\u0159ivka m\u00e9ho hlasu<\/li>\n\n\n\n<li>Rozsah sluchu \u2013 jak dob\u0159e sly\u0161\u00edm<\/li>\n\n\n\n<li>Rozsah hlasu \u2013 jak\u00fd m\u00e1m hlasov\u00fd rozsah<\/li>\n\n\n\n<li>\u0160\u00ed\u0159en\u00ed zvuku \u2013 telefon, vidli\u010dka<\/li>\n\n\n\n<li>V\u00fdroba a lad\u011bn\u00ed jednoduch\u00fdch hudebn\u00edch n\u00e1stroj\u016f \u2013 sklenice v\u00edna, bub\u00ednek, kytara z gumi\u010dek, luk,\u2026<\/li>\n\n\n\n<li>Noty \u2013 jak se hraje podle not<\/li>\n\n\n\n<li>Arechoakustika (archeologie zvuku)<\/li>\n<\/ul>\n<\/li>\n\n\n\n<li>Jak si vyrobit smartphone (imobiln\u00ed mobil napr\u00e1skan\u00fd pestrou \u0161k\u00e1lou senzor\u016f) <\/li>\n\n\n\n<li>Vyrob si kalkula\u010dku s pou\u017eit\u00edm um\u011bl\u00e9 inteligence (45 min)<\/li>\n\n\n\n<li>3D tisk &#8211; modelace 3D objekt\u016f (90 min)<\/li>\n\n\n\n<li>Programov\u00e1n\u00ed micro:bit\u016f (90 min)<\/li>\n\n\n\n<li>Programov\u00e1n\u00ed javascript (90 min)<\/li>\n\n\n\n<li>Kolektivn\u00ed kreslen\u00ed pravou hemisf\u00e9rou (45 min)<\/li>\n<\/ul>\n\n\n\n<p>Dal\u0161\u00ed t\u00e9mata jsou zat\u00edm jen v hlav\u011b:<br>> Hustota \u2013 v\u00e1hy, objem, plav\u00e1n\u00ed (pot\u00e1p\u011b\u010d,popelka vyb\u00edr\u00e1 \u010do\u010dku)<br>> Praktick\u00e1 geometrie \u2013 kruznice, pravy uhel, stredovy prumet<br>> Ml\u00fdnky a mechanika<br>> Motory \u2013 stirling, elektrlomotor, balonkovy,<br>> Rychlost \u2013 aneb jak si vyrobit vzore\u010dek<br>> Tlak \u2013 aneb jak si vyrobit vzore\u010dek<br>> DNA a geny \u2013 hra na genetick\u00e9 in\u017een\u00fdry (oprava, dek\u00f3dov\u00e1n\u00ed DNA a nalezen\u00ed spr\u00e1vn\u00e9 p\u0159\u00ed\u0161erky)<br>> T\u0159en\u00ed a setrva\u010dn\u00edk \u2013 pokus-skluz, pyramidy, lo\u017eiska, kole\u010dkov\u00e1 brusle,setrva\u010dn\u00edk,ji\u0161t\u011bn\u00ed horolezc\u016f,rozd\u011bl\u00e1n\u00ed ohn\u011b,<br>> Trajektorie<\/p>\n<\/div>\n<\/div>\n<\/div>\n<\/div>\n","protected":false},"excerpt":{"rendered":"<p>Seznam t\u00e9mat a expozic Seznam expozic a t\u00e9mat, kter\u00e9 m\u00e1me &#8222;na sklad\u011b&#8220; a vyzkou\u0161en\u00e9 najdete n\u00ed\u017ee. Po domluv\u011b nen\u00ed prob\u00e9m vymyslet zcela nov\u00e9 t\u00e9ma. Seznam t\u00e9mat a expozic + orienta\u010dn\u00ed \u010das na skupinu: Dal\u0161\u00ed t\u00e9mata jsou zat\u00edm jen v hlav\u011b:> Hustota \u2013 v\u00e1hy, objem, plav\u00e1n\u00ed (pot\u00e1p\u011b\u010d,popelka vyb\u00edr\u00e1 \u010do\u010dku)> Praktick\u00e1 geometrie \u2013 kruznice, pravy uhel, stredovy [&hellip;]<\/p>\n","protected":false},"author":1,"featured_media":0,"parent":0,"menu_order":0,"comment_status":"closed","ping_status":"closed","template":"","meta":{"footnotes":""},"class_list":["post-86","page","type-page","status-publish","hentry"],"_links":{"self":[{"href":"https:\/\/vednice.zolta.cz\/index.php?rest_route=\/wp\/v2\/pages\/86","targetHints":{"allow":["GET"]}}],"collection":[{"href":"https:\/\/vednice.zolta.cz\/index.php?rest_route=\/wp\/v2\/pages"}],"about":[{"href":"https:\/\/vednice.zolta.cz\/index.php?rest_route=\/wp\/v2\/types\/page"}],"author":[{"embeddable":true,"href":"https:\/\/vednice.zolta.cz\/index.php?rest_route=\/wp\/v2\/users\/1"}],"replies":[{"embeddable":true,"href":"https:\/\/vednice.zolta.cz\/index.php?rest_route=%2Fwp%2Fv2%2Fcomments&post=86"}],"version-history":[{"count":11,"href":"https:\/\/vednice.zolta.cz\/index.php?rest_route=\/wp\/v2\/pages\/86\/revisions"}],"predecessor-version":[{"id":133,"href":"https:\/\/vednice.zolta.cz\/index.php?rest_route=\/wp\/v2\/pages\/86\/revisions\/133"}],"wp:attachment":[{"href":"https:\/\/vednice.zolta.cz\/index.php?rest_route=%2Fwp%2Fv2%2Fmedia&parent=86"}],"curies":[{"name":"wp","href":"https:\/\/api.w.org\/{rel}","templated":true}]}}